{"id":232,"date":"2022-04-15T11:27:34","date_gmt":"2022-04-15T08:27:34","guid":{"rendered":"http:\/\/vagonka.md\/normy\/"},"modified":"2022-04-27T16:45:35","modified_gmt":"2022-04-27T13:45:35","slug":"normy","status":"publish","type":"page","link":"https:\/\/vagonka.md\/ro\/normy\/","title":{"rendered":"Norme"},"content":{"rendered":"<p><strong>Standarde pentru defecte ale lemnului \u0219i defecte de prelucrare a pl\u0103cii frontale a produselor profilate<\/strong><\/p>\n<style>\ntable, td, tr {border: 1px solid #ccc;}<span data-mce-type=\"bookmark\" style=\"display: inline-block; width: 0px; overflow: hidden; line-height: 0;\" class=\"mce_SELRES_start\">\ufeff<\/span><\/style>\n<table width=\"768\">\n<tbody>\n<tr>\n<td colspan=\"2\" rowspan=\"2\" width=\"364\">Defecte ale lemnului \u0219i defecte de prelucrare<\/td>\n<td colspan=\"2\" width=\"452\">Categoria de produse<\/td>\n<\/tr>\n<tr>\n<td width=\"220\">\u0410<\/td>\n<td width=\"232\">\u0412<\/td>\n<\/tr>\n<tr>\n<td rowspan=\"6\" width=\"200\">1. Noduri<\/td>\n<td width=\"164\">S\u0103n\u0103toase, deschise \u0219i \u00eentunecate fuzionate rotunde, ovale \u0219i alungite.<\/td>\n<td width=\"220\">Admis\u0103 p\u00e2n\u0103 la \u00bd din l\u0103\u021bimea produsului<\/td>\n<td width=\"232\">Toate dimensiunile sunt acceptabile<\/td>\n<\/tr>\n<tr>\n<td width=\"164\">S\u0103n\u0103toase de toate felurile cu cr\u0103p\u0103turi \u0219i cochilii<\/td>\n<td width=\"220\">Nu este permis<\/td>\n<td width=\"232\">Sunt admise fisuri de p\u00e2n\u0103 la 1,5 mm \u00een l\u0103\u021bime \u0219i cochilii de p\u00e2n\u0103 la 5 mm \u00een dimensiune.<\/td>\n<\/tr>\n<tr>\n<td width=\"164\">Par\u021bial fuzionat<\/td>\n<td width=\"220\">Nu este permis<\/td>\n<td width=\"232\">Se permite dac\u0103 cel pu\u021bin 1\/3 din nod este articulat.<\/td>\n<\/tr>\n<tr>\n<td width=\"164\">Dropouts necrescute, precum \u0219i g\u0103uri de la noduri c\u0103zute<\/td>\n<td width=\"220\">Nu este permis<\/td>\n<td width=\"232\">Diametru de p\u00e2n\u0103 la 10 mm, p\u00e2n\u0103 la 1 buc. pe metru liniar<\/td>\n<\/tr>\n<tr>\n<td width=\"164\">Rotten rotten \u0219i tutun<\/td>\n<td width=\"220\">Nu este permis<\/td>\n<td width=\"232\">Nu este permis<\/td>\n<\/tr>\n<tr>\n<td width=\"164\">Reticulat par\u021bial fuzionat<\/td>\n<td width=\"220\">Nu este permis<\/td>\n<td width=\"232\">Nu este permis<\/td>\n<\/tr>\n<tr>\n<td rowspan=\"3\" width=\"200\">2.Cr\u0103p\u0103turi<\/td>\n<td width=\"164\">Plassthrough f\u0103r\u0103 t\u0103iere<\/td>\n<td width=\"220\">Aprobat cu ie\u0219ire la cap\u0103t de 200 mm lungime<\/td>\n<td width=\"232\">Nu mai lung de \u00bd din lungimea produsului<\/td>\n<\/tr>\n<tr>\n<td width=\"164\">Trecute la acela\u0219i nivel f\u0103r\u0103 fe\u021be sau margini la acela\u0219i nivel<\/td>\n<td width=\"220\">Nu este permis<\/td>\n<td width=\"232\">Nu mai mult de 1 mm \u00een l\u0103\u021bime \u0219i nu mai mult de \u00bc din lungimea produsului<\/td>\n<\/tr>\n<tr>\n<td width=\"164\">Fluxuri cu acces de la un cap\u0103t la altul<\/td>\n<td width=\"220\">Permite\u021bi fisuri de contrac\u021bie de lungime egal\u0103 cu l\u0103\u021bimea pl\u0103cii de la fiecare cap\u0103t.<\/td>\n<td width=\"232\">S\u0103 aib\u0103 o lungime de cel mult 150 mm la fiecare cap\u0103t \u0219i o l\u0103\u021bime de cel mult 1 mm.<\/td>\n<\/tr>\n<tr>\n<td width=\"200\">3.Nucleu<\/td>\n<td width=\"164\">Cu acces la placa frontal\u0103<\/td>\n<td width=\"220\">S\u0103 se prevad\u0103 o lungime maxim\u0103 de 200 mm pe metru liniar pe alocuri.<\/td>\n<td width=\"232\">Permise<\/td>\n<\/tr>\n<tr>\n<td rowspan=\"2\" width=\"200\">4.Buzunare din r\u0103\u0219in\u0103<\/td>\n<td width=\"164\">Deschis<\/td>\n<td width=\"220\">Nu este permis<\/td>\n<td width=\"232\">Permise<\/td>\n<\/tr>\n<tr>\n<td width=\"164\">Acoperit<\/td>\n<td width=\"220\">Se permite un maxim de 2 x 30 mm pe metru liniar.<\/td>\n<td width=\"232\">Permise<\/td>\n<\/tr>\n<tr>\n<td width=\"200\">5.Germina\u021bie (scoar\u021b\u0103 \u00eencarnat\u0103)<\/td>\n<td width=\"164\">O singur\u0103 fa\u021b\u0103 \u00eenchis\u0103 \u00eentunecat\u0103 \u0219i u\u0219oar\u0103<\/td>\n<td width=\"220\">Nu este permis<\/td>\n<td width=\"232\">Este permis\u0103 o l\u0103\u021bime de p\u00e2n\u0103 la 10 mm \u0219i o lungime de p\u00e2n\u0103 la 100 mm per articol<\/td>\n<\/tr>\n<tr>\n<td width=\"100\">6.Putregaiul<\/td>\n<td width=\"164\"><\/td>\n<td width=\"220\">Nu este permis<\/td>\n<td width=\"232\">Sunt admise putregaiuri solide care nu dep\u0103\u0219esc 1\/5 din suprafa\u021ba produsului.<\/td>\n<\/tr>\n<tr>\n<td width=\"200\">7.Gaura de vierme<\/td>\n<td width=\"164\"><\/td>\n<td width=\"220\">Nu este permis<\/td>\n<td width=\"232\">Nu este permis<\/td>\n<\/tr>\n<tr>\n<td width=\"200\">8.Pete chimice \u0219i infest\u0103ri fungice<\/td>\n<td width=\"164\"><\/td>\n<td width=\"220\">Nu este permis<\/td>\n<td width=\"232\">Sunt admise petele de mucegai ro\u0219u \u0219i albastru care nu dep\u0103\u0219esc 1\/5 din suprafa\u021ba produsului.<\/td>\n<\/tr>\n<\/tbody>\n<\/table>\n<p><strong>Not\u0103:<\/strong><\/p>\n<ul>\n<li style=\"list-style-type: none;\">Nu exist\u0103 cerin\u021be speciale pentru suprafe\u021bele neavansate ale produsului.<br \/>\n\u00cen cazul \u00een care produsul prezint\u0103 3 sau mai multe defecte ale lemnului \u0219i ale manoperei cu o toleran\u021b\u0103 maxim\u0103 pentru categoria respectiv\u0103, produsul este reclasificat \u00eentr-o categorie inferioar\u0103.<br \/>\nProdusele care nu \u00eendeplinesc cerin\u021bele categoriilor &#8222;A&#8221; \u0219i &#8222;B&#8221; sunt transferate \u00een categoria &#8222;C&#8221;.<br \/>\nProdusele cu un defect de lemn sau de fabrica\u021bie nepermis \u00een categoria &#8222;B&#8221; sunt clasificate \u00een aceast\u0103 categorie, dac\u0103 defectul este situat la 1\/10 din lungimea unui cap\u0103t al produsului.<br \/>\nCon\u021binutul de umiditate al lemnului rindeluit trebuie s\u0103 fie cuprins \u00eentre 15-20 %, cu excep\u021bia cazului \u00een care se specific\u0103 altfel.<br \/>\n\u00cen categoria &#8222;B&#8221; sunt permise p\u00e2n\u0103 la 5 % din produsele din categoria &#8222;A&#8221; \u0219i p\u00e2n\u0103 la 5 % din produsele de calitate inferioar\u0103.<br \/>\nVolumul produselor profilate este determinat de dimensiunile maxime ale sec\u021biunii transversale a produsului.<\/li>\n<\/ul>\n","protected":false},"excerpt":{"rendered":"<p>Standarde pentru defecte ale lemnului \u0219i defecte de prelucrare a pl\u0103cii frontale a produselor profilate Defecte ale lemnului \u0219i defecte de prelucrare Categoria de produse \u0410 \u0412 1. Noduri S\u0103n\u0103toase, deschise \u0219i \u00eentunecate fuzionate rotunde, ovale \u0219i alungite. Admis\u0103 p\u00e2n\u0103 la \u00bd din l\u0103\u021bimea produsului Toate dimensiunile sunt acceptabile S\u0103n\u0103toase de toate felurile cu cr\u0103p\u0103turi [&hellip;]<\/p>\n","protected":false},"author":1,"featured_media":0,"parent":0,"menu_order":0,"comment_status":"closed","ping_status":"closed","template":"page-normy.php","meta":{"footnotes":""},"acf":[],"_links":{"self":[{"href":"https:\/\/vagonka.md\/ro\/wp-json\/wp\/v2\/pages\/232"}],"collection":[{"href":"https:\/\/vagonka.md\/ro\/wp-json\/wp\/v2\/pages"}],"about":[{"href":"https:\/\/vagonka.md\/ro\/wp-json\/wp\/v2\/types\/page"}],"author":[{"embeddable":true,"href":"https:\/\/vagonka.md\/ro\/wp-json\/wp\/v2\/users\/1"}],"replies":[{"embeddable":true,"href":"https:\/\/vagonka.md\/ro\/wp-json\/wp\/v2\/comments?post=232"}],"version-history":[{"count":6,"href":"https:\/\/vagonka.md\/ro\/wp-json\/wp\/v2\/pages\/232\/revisions"}],"predecessor-version":[{"id":251,"href":"https:\/\/vagonka.md\/ro\/wp-json\/wp\/v2\/pages\/232\/revisions\/251"}],"wp:attachment":[{"href":"https:\/\/vagonka.md\/ro\/wp-json\/wp\/v2\/media?parent=232"}],"curies":[{"name":"wp","href":"https:\/\/api.w.org\/{rel}","templated":true}]}}